{"id":30262,"date":"2022-03-21T20:12:08","date_gmt":"2022-03-21T19:12:08","guid":{"rendered":"https:\/\/controverses-groupe3.mastercommunicationnumerique.fr\/?page_id=30262"},"modified":"2022-03-21T23:37:09","modified_gmt":"2022-03-21T22:37:09","slug":"bibliographie","status":"publish","type":"page","link":"https:\/\/mastercommunicationnumerique.fr\/2021-2022\/groupe3\/bibliographie\/","title":{"rendered":"Bibliographie"},"content":{"rendered":"<p>[et_pb_section fb_built=\u00a0\u00bb1&Prime; _builder_version=\u00a0\u00bb4.10.5&Prime; _module_preset=\u00a0\u00bbdefault\u00a0\u00bb background_color=\u00a0\u00bb#f0fbff\u00a0\u00bb custom_padding=\u00a0\u00bb13px||0px|||\u00a0\u00bb global_colors_info=\u00a0\u00bb{}\u00a0\u00bb][et_pb_row _builder_version=\u00a0\u00bb4.10.5&Prime; _module_preset=\u00a0\u00bbdefault\u00a0\u00bb global_colors_info=\u00a0\u00bb{}\u00a0\u00bb][et_pb_column type=\u00a0\u00bb4_4&Prime; _builder_version=\u00a0\u00bb4.10.5&Prime; _module_preset=\u00a0\u00bbdefault\u00a0\u00bb global_colors_info=\u00a0\u00bb{}\u00a0\u00bb][et_pb_text _builder_version=\u00a0\u00bb4.10.5&Prime; _module_preset=\u00a0\u00bbdefault\u00a0\u00bb text_font=\u00a0\u00bbCabin||||||||\u00a0\u00bb text_text_color=\u00a0\u00bb#09506f\u00a0\u00bb text_font_size=\u00a0\u00bb36px\u00a0\u00bb global_colors_info=\u00a0\u00bb{}\u00a0\u00bb]<\/p>\n<p>Bibliographie<\/p>\n<p>[\/et_pb_text][et_pb_divider color=\u00a0\u00bb#03506f\u00a0\u00bb divider_weight=\u00a0\u00bb3px\u00a0\u00bb _builder_version=\u00a0\u00bb4.10.5&Prime; _module_preset=\u00a0\u00bbdefault\u00a0\u00bb width=\u00a0\u00bb29%\u00a0\u00bb global_colors_info=\u00a0\u00bb{}\u00a0\u00bb][\/et_pb_divider][\/et_pb_column][\/et_pb_row][\/et_pb_section][et_pb_section fb_built=\u00a0\u00bb1&Prime; _builder_version=\u00a0\u00bb4.10.5&Prime; _module_preset=\u00a0\u00bbdefault\u00a0\u00bb global_colors_info=\u00a0\u00bb{}\u00a0\u00bb][et_pb_row _builder_version=\u00a0\u00bb4.10.5&Prime; _module_preset=\u00a0\u00bbdefault\u00a0\u00bb global_colors_info=\u00a0\u00bb{}\u00a0\u00bb][et_pb_column type=\u00a0\u00bb4_4&Prime; _builder_version=\u00a0\u00bb4.10.5&Prime; _module_preset=\u00a0\u00bbdefault\u00a0\u00bb global_colors_info=\u00a0\u00bb{}\u00a0\u00bb][et_pb_text _builder_version=\u00a0\u00bb4.10.5&Prime; _module_preset=\u00a0\u00bbdefault\u00a0\u00bb text_font=\u00a0\u00bbABeeZee||||||||\u00a0\u00bb text_font_size=\u00a0\u00bb16px\u00a0\u00bb global_colors_info=\u00a0\u00bb{}\u00a0\u00bb]<\/p>\n<ul>\n<li><span>Bourillon, C. (2021). <span style=\"color: #1aa6b7;\"><a href=\"https:\/\/www.cairn.info\/revue-droit-sante-et-societe-2021-3-page-38.htm\" style=\"color: #1aa6b7;\">La saga Stop Covid, suite et fin ?<\/a><\/span>. <\/span><i><span>Droit, Sant\u00e9 et Soci\u00e9t\u00e9<\/span><\/i><span>, 3, 38-41.\u00a0<\/span><\/li>\n<\/ul>\n<p><span style=\"font-weight: 400;\"><\/span><\/p>\n<ul>\n<li><span style=\"font-weight: 400;\">Bourrillon, C. (2020). <span style=\"color: #1aa6b7;\"><a href=\"https:\/\/www.cairn.info\/revue-droit-sante-et-societe-2020-1-page-90.htm\" style=\"color: #1aa6b7;\"><i>StopCovid<\/i>, un nouveau virus pour la vie priv\u00e9e ?<\/a><\/span>. <i>Droit, Sant\u00e9 et Soci\u00e9t\u00e9<\/i>, 1, 90-97.\u00a0<\/span><span style=\"font-weight: 400;\"><\/span><span style=\"font-weight: 400;\"><\/span><\/li>\n<\/ul>\n<p><span style=\"font-weight: 400;\"><\/span><\/p>\n<ul>\n<li><span style=\"font-weight: 400;\">Chevallier, J. (2020). <span style=\"color: #1aa6b7;\"><a href=\"https:\/\/www.cairn.info\/revue-francaise-d-administration-publique-2020-2-page-519.htm\" style=\"color: #1aa6b7;\">Un nouvel outil num\u00e9rique : StopCovid. <\/a><\/span><\/span><span style=\"color: #1aa6b7;\"><a href=\"https:\/\/www.cairn.info\/revue-francaise-d-administration-publique-2020-2-page-519.htm\" style=\"color: #1aa6b7;\"><i><span style=\"font-weight: 400;\">Revue fran\u00e7aise d&rsquo;administration publique<\/span><\/i><\/a><\/span><span style=\"font-weight: 400;\">, 174, 519-528.\u00a0<\/span><\/li>\n<\/ul>\n<p><span style=\"font-weight: 400;\"><\/span><\/p>\n<ul>\n<li><span style=\"font-weight: 400;\">Delfin Rossaro, A. &amp; Rial-Sebbag, E. (2020). <span style=\"color: #1aa6b7;\"><a href=\"https:\/\/www.cairn.info\/revue-droit-sante-et-societe-2020-1-page-98.htm\" style=\"color: #1aa6b7;\">L\u2019\u00e9mergence des outils num\u00e9riques dans le contexte d\u2019\u00e9tat d\u2019urgence sanitaire. Enjeux et conditions d\u2019application face au droit au respect de la vie priv\u00e9e<\/a><\/span>. <\/span><i><span style=\"font-weight: 400;\">Droit, Sant\u00e9 et Soci\u00e9t\u00e9<\/span><\/i><span style=\"font-weight: 400;\">, 1, 98-104.\u00a0<\/span><\/li>\n<\/ul>\n<p><span style=\"font-weight: 400;\"><\/span><\/p>\n<ul>\n<li><span style=\"font-weight: 400;\">Devillier, N. (2020). <span style=\"color: #1aa6b7;\"><a href=\"https:\/\/www.cairn.info\/revue-droit-sante-et-societe-2020-1-page-68.htm\" style=\"color: #1aa6b7;\">L\u2019utilisation des donn\u00e9es mobiles dans la lutte contre la Covid 19 : une occasion r\u00eav\u00e9e pour la coop\u00e9ration sanitaire europ\u00e9enne.<\/a><\/span> <i>Droit, Sant\u00e9 et Soci\u00e9t\u00e9<\/i>, 1, 68-74<\/span><span style=\"font-weight: 400;\"><\/span><\/li>\n<\/ul>\n<p><span style=\"font-weight: 400;\"><\/span><\/p>\n<ul>\n<li><span style=\"font-weight: 400;\">Ganascia, J. (2021). <span style=\"color: #1aa6b7;\"><a href=\"https:\/\/www.cairn.info\/revue-de-neuropsychologie-2021-2-page-148.htm\" style=\"color: #1aa6b7;\">Peur du tra\u00e7age \u2013 tra\u00e7age de la peur. <\/a><\/span><\/span><span style=\"color: #1aa6b7;\"><a href=\"https:\/\/www.cairn.info\/revue-de-neuropsychologie-2021-2-page-148.htm\" style=\"color: #1aa6b7;\"><i><span style=\"font-weight: 400;\">Revue de neuropsychologie<\/span><\/i><\/a><\/span><span style=\"font-weight: 400;\">, 13, 148-152.\u00a0<\/span><span style=\"font-weight: 400;\"><\/span><\/li>\n<\/ul>\n<p><span style=\"font-weight: 400;\"><\/span><\/p>\n<ul>\n<li><span style=\"font-weight: 400;\">Gonthier Le Guen, Y. (2020, April 18). <span style=\"color: #1aa6b7;\"><a href=\"https:\/\/osf.io\/preprints\/lawarxiv\/j87wt\/\" style=\"color: #1aa6b7;\">La protection des donn\u00e9es personnelles en situation de crise sanitaire exceptionnelle : L\u2019hypoth\u00e8se du tra\u00e7age g\u00e9ographique des citoyens \u00e0 fin de lutte \u00e9pid\u00e9mique.<\/a><\/span><\/span><span style=\"font-weight: 400;\"><\/span><\/li>\n<\/ul>\n<p><span style=\"font-weight: 400;\"><span style=\"color: #1aa6b7;\"><\/span><\/span><\/p>\n<ul>\n<li><span style=\"font-weight: 400;\">Hirsch, E. (2021). <\/span><span style=\"color: #1aa6b7;\"><a href=\"https:\/\/www.cairn.info\/une-democratie-confinee--9782749270395.htm\" style=\"color: #1aa6b7;\"><i><span style=\"font-weight: 400;\">Une d\u00e9mocratie confin\u00e9e: L&rsquo;\u00e9thique quoi qu&rsquo;il en co\u00fbte<\/span><\/i><\/a><\/span><span style=\"font-weight: 400;\"><span style=\"color: #1aa6b7;\"><a href=\"https:\/\/www.cairn.info\/une-democratie-confinee--9782749270395.htm\" style=\"color: #1aa6b7;\">.<\/a><\/span> Toulouse: \u00c9r\u00e8s.<\/span><\/li>\n<\/ul>\n<p><span style=\"font-weight: 400;\"><\/span><\/p>\n<ul>\n<li><span style=\"font-weight: 400;\">Pawlotsky, A. (2020). <span style=\"color: #1aa6b7;\"><a href=\"https:\/\/journals.openedition.org\/revdh\/9059\" style=\"color: #1aa6b7;\">L\u2019utilisation des donn\u00e9es personnelles dans le cadre de la lutte contre l\u2019\u00e9pid\u00e9mie de Covid-19, un risque pour les droits et libert\u00e9s ? <\/a><\/span><\/span><span style=\"color: #1aa6b7;\"><a href=\"https:\/\/journals.openedition.org\/revdh\/9059\" style=\"color: #1aa6b7;\"><i><span style=\"font-weight: 400;\">La revue des droits de l\u2019Homme<\/span><\/i><\/a><\/span><span style=\"font-weight: 400;\"><span style=\"color: #1aa6b7;\"><a href=\"https:\/\/journals.openedition.org\/revdh\/9059\" style=\"color: #1aa6b7;\">.<\/a><\/span> Published.<\/span><span style=\"font-weight: 400;\">\u00a0<\/span><\/li>\n<\/ul>\n<p><span style=\"font-weight: 400;\"><\/span><\/p>\n<ul>\n<li><span style=\"font-weight: 400;\">Poullet, Y., Ruffo de Calabre, M. &amp; Lombard, J. (2020). <span style=\"color: #1aa6b7;\"><a href=\"https:\/\/www.cairn.info\/revue-etudes-2020-6-page-57.htm\" style=\"color: #1aa6b7;\">Covid-19, num\u00e9rique et libert\u00e9s. <\/a><\/span><\/span><i><span style=\"font-weight: 400;\">\u00c9tudes<\/span><\/i><span style=\"font-weight: 400;\">, , 57-66.\u00a0<\/span><\/li>\n<\/ul>\n<p><span style=\"font-weight: 400;\"><\/span><\/p>\n<ul>\n<li><span style=\"font-weight: 400;\">Redouan Najah. (2020). <span style=\"color: #1aa6b7;\"><a href=\"https:\/\/media.africaportal.org\/documents\/Les_technologies_de_surveillance.pdf\" style=\"color: #1aa6b7;\">Les technologies de surveillance \u00e0 l&rsquo;\u00e8re de la Covid-19. <\/a><\/span><\/span><i><span style=\"font-weight: 400;\">Policy Brief<\/span><\/i><span style=\"font-weight: 400;\">. Published.<\/span><\/li>\n<\/ul>\n<p>&nbsp;<\/p>\n<ul>\n<li><span style=\"font-weight: 400;\">Tournay, V. (2020). <a href=\"https:\/\/www.cairn.info\/revue-droit-sante-et-societe-2020-1-page-85.htm\"><span style=\"color: #1aa6b7;\">Pourquoi l\u2019application <\/span><\/a><\/span><a href=\"https:\/\/www.cairn.info\/revue-droit-sante-et-societe-2020-1-page-85.htm\"><span style=\"color: #1aa6b7;\"><i><span style=\"font-weight: 400;\">StopCovid<\/span><\/i><\/span><\/a><span style=\"font-weight: 400;\"><a href=\"https:\/\/www.cairn.info\/revue-droit-sante-et-societe-2020-1-page-85.htm\"><span style=\"color: #1aa6b7;\"> ne parvient-elle pas \u00e0 traduire l\u2019int\u00e9r\u00eat g\u00e9n\u00e9ral ?<\/span><\/a>. <\/span><i><span style=\"font-weight: 400;\">Droit, Sant\u00e9 et Soci\u00e9t\u00e9<\/span><\/i><span style=\"font-weight: 400;\">, 1, 85-89. <\/span><\/li>\n<\/ul>\n<p>&nbsp;<\/p>\n<p>[\/et_pb_text][\/et_pb_column][\/et_pb_row][et_pb_row _builder_version=\u00a0\u00bb4.10.5&Prime; _module_preset=\u00a0\u00bbdefault\u00a0\u00bb][et_pb_column _builder_version=\u00a0\u00bb4.10.5&Prime; _module_preset=\u00a0\u00bbdefault\u00a0\u00bb type=\u00a0\u00bb4_4&Prime;][et_pb_button button_text=\u00a0\u00bbSitographie\u00a0\u00bb _builder_version=\u00a0\u00bb4.10.5&Prime; _module_preset=\u00a0\u00bbdefault\u00a0\u00bb button_alignment=\u00a0\u00bbright\u00a0\u00bb custom_button=\u00a0\u00bbon\u00a0\u00bb button_bg_color=\u00a0\u00bb#03506f\u00a0\u00bb button_bg_enable_color=\u00a0\u00bbon\u00a0\u00bb button_border_width=\u00a0\u00bb0px\u00a0\u00bb button_border_radius=\u00a0\u00bb24px\u00a0\u00bb button_text_color=\u00a0\u00bb#FFFFFF\u00a0\u00bb button_url=\u00a0\u00bbhttps:\/\/mastercommunicationnumerique.fr\/2021-2022\/groupe3\/sitographie-2\/?et_fb=1&#038;PageSpeed=off\u00a0\u00bb hover_enabled=\u00a0\u00bb0&Prime; sticky_enabled=\u00a0\u00bb0&Prime; button_bg_color__hover_enabled=\u00a0\u00bbon|hover\u00a0\u00bb button_bg_color__hover=\u00a0\u00bb#1aa6b7&Prime; button_bg_enable_color__hover=\u00a0\u00bbon\u00a0\u00bb button_font=\u00a0\u00bbABeeZee||||||||\u00a0\u00bb][\/et_pb_button][\/et_pb_column][\/et_pb_row][\/et_pb_section]<\/p>\n","protected":false},"excerpt":{"rendered":"<p>Bibliographie Bourillon, C. (2021). La saga Stop Covid, suite et fin ?. Droit, Sant\u00e9 et Soci\u00e9t\u00e9, 3, 38-41.\u00a0 Bourrillon, C. (2020). StopCovid, un nouveau virus pour la vie priv\u00e9e ?. Droit, Sant\u00e9 et Soci\u00e9t\u00e9, 1, 90-97.\u00a0 Chevallier, J. (2020). Un nouvel outil num\u00e9rique : StopCovid. Revue fran\u00e7aise d&rsquo;administration publique, 174, 519-528.\u00a0 Delfin Rossaro, A. &amp; [&hellip;]<\/p>\n","protected":false},"author":4,"featured_media":0,"parent":0,"menu_order":0,"comment_status":"closed","ping_status":"closed","template":"","meta":{"_et_pb_use_builder":"on","_et_pb_old_content":"","_et_gb_content_width":"","footnotes":""},"class_list":["post-30262","page","type-page","status-publish","hentry"],"_links":{"self":[{"href":"https:\/\/mastercommunicationnumerique.fr\/2021-2022\/groupe3\/wp-json\/wp\/v2\/pages\/30262","targetHints":{"allow":["GET"]}}],"collection":[{"href":"https:\/\/mastercommunicationnumerique.fr\/2021-2022\/groupe3\/wp-json\/wp\/v2\/pages"}],"about":[{"href":"https:\/\/mastercommunicationnumerique.fr\/2021-2022\/groupe3\/wp-json\/wp\/v2\/types\/page"}],"author":[{"embeddable":true,"href":"https:\/\/mastercommunicationnumerique.fr\/2021-2022\/groupe3\/wp-json\/wp\/v2\/users\/4"}],"replies":[{"embeddable":true,"href":"https:\/\/mastercommunicationnumerique.fr\/2021-2022\/groupe3\/wp-json\/wp\/v2\/comments?post=30262"}],"version-history":[{"count":7,"href":"https:\/\/mastercommunicationnumerique.fr\/2021-2022\/groupe3\/wp-json\/wp\/v2\/pages\/30262\/revisions"}],"predecessor-version":[{"id":30412,"href":"https:\/\/mastercommunicationnumerique.fr\/2021-2022\/groupe3\/wp-json\/wp\/v2\/pages\/30262\/revisions\/30412"}],"wp:attachment":[{"href":"https:\/\/mastercommunicationnumerique.fr\/2021-2022\/groupe3\/wp-json\/wp\/v2\/media?parent=30262"}],"curies":[{"name":"wp","href":"https:\/\/api.w.org\/{rel}","templated":true}]}}