{"id":28842,"date":"2021-11-19T15:16:30","date_gmt":"2021-11-19T14:16:30","guid":{"rendered":"https:\/\/controverses-groupe3.mastercommunicationnumerique.fr\/?page_id=28842"},"modified":"2022-03-22T16:01:09","modified_gmt":"2022-03-22T15:01:09","slug":"cv-laurie","status":"publish","type":"page","link":"https:\/\/mastercommunicationnumerique.fr\/2021-2022\/groupe3\/cv-laurie\/","title":{"rendered":"CV Laurie"},"content":{"rendered":"<p>[et_pb_section fb_built=\u00a0\u00bb1&Prime; _builder_version=\u00a0\u00bb4.10.5&Prime; _module_preset=\u00a0\u00bbdefault\u00a0\u00bb background_color=\u00a0\u00bb#fcf2e7&Prime; background_image=\u00a0\u00bbhttps:\/\/mastercommunicationnumerique.fr\/2021-2022\/groupe3\/wp-content\/uploads\/2022\/03\/vague.png\u00a0\u00bb background_size=\u00a0\u00bbcontain\u00a0\u00bb background_position=\u00a0\u00bbbottom_left\u00a0\u00bb custom_padding=\u00a0\u00bb0px|||||\u00a0\u00bb hover_enabled=\u00a0\u00bb0&Prime; global_colors_info=\u00a0\u00bb{}\u00a0\u00bb sticky_enabled=\u00a0\u00bb0&Prime; title_text=\u00a0\u00bbvague\u00a0\u00bb][et_pb_row column_structure=\u00a0\u00bb2_5,3_5&Prime; use_custom_gutter=\u00a0\u00bbon\u00a0\u00bb gutter_width=\u00a0\u00bb1&Prime; _builder_version=\u00a0\u00bb4.10.5&Prime; _module_preset=\u00a0\u00bbdefault\u00a0\u00bb background_image=\u00a0\u00bbhttps:\/\/mastercommunicationnumerique.fr\/2021-2022\/groupe3\/wp-content\/uploads\/2021\/11\/photo.png\u00a0\u00bb background_size=\u00a0\u00bbcontain\u00a0\u00bb background_position=\u00a0\u00bbcenter_left\u00a0\u00bb width=\u00a0\u00bb100%\u00a0\u00bb max_width=\u00a0\u00bb100%\u00a0\u00bb custom_padding=\u00a0\u00bb||175px|||\u00a0\u00bb hover_enabled=\u00a0\u00bb0&Prime; global_colors_info=\u00a0\u00bb{}\u00a0\u00bb sticky_enabled=\u00a0\u00bb0&Prime;][et_pb_column type=\u00a0\u00bb2_5&Prime; _builder_version=\u00a0\u00bb4.10.5&Prime; _module_preset=\u00a0\u00bbdefault\u00a0\u00bb global_colors_info=\u00a0\u00bb{}\u00a0\u00bb][et_pb_text _builder_version=\u00a0\u00bb4.10.5&Prime; _module_preset=\u00a0\u00bbdefault\u00a0\u00bb text_font_size=\u00a0\u00bb41px\u00a0\u00bb background_size=\u00a0\u00bbcontain\u00a0\u00bb custom_padding=\u00a0\u00bb116px||1px|||\u00a0\u00bb global_colors_info=\u00a0\u00bb{}\u00a0\u00bb]<\/p>\n<h1 style=\"text-align: left;\"><span style=\"color: #e9806b; font-size: xx-large;\"><strong>&nbsp; &nbsp; &nbsp; &nbsp; &nbsp; &nbsp; &nbsp; &nbsp; &nbsp; &nbsp; &nbsp; &nbsp; &nbsp; &nbsp; &nbsp; &nbsp; &nbsp; &nbsp;&nbsp;<\/strong><\/span><span style=\"color: #e9806b; font-size: xx-large;\"><strong><\/strong><\/span><\/h1>\n<p>[\/et_pb_text][\/et_pb_column][et_pb_column type=\u00a0\u00bb3_5&Prime; _builder_version=\u00a0\u00bb4.10.5&Prime; _module_preset=\u00a0\u00bbdefault\u00a0\u00bb global_colors_info=\u00a0\u00bb{}\u00a0\u00bb][et_pb_text _builder_version=\u00a0\u00bb4.10.5&Prime; _module_preset=\u00a0\u00bbdefault\u00a0\u00bb text_text_color=\u00a0\u00bb#e9806b\u00a0\u00bb text_font_size=\u00a0\u00bb19px\u00a0\u00bb header_text_color=\u00a0\u00bb#e9806b\u00a0\u00bb header_font_size=\u00a0\u00bb46px\u00a0\u00bb custom_margin=\u00a0\u00bb101px|||||\u00a0\u00bb global_colors_info=\u00a0\u00bb{}\u00a0\u00bb]<\/p>\n<h1>Laurie<\/h1>\n<h1><strong>VIGNEAU<\/strong><\/h1>\n<p>[\/et_pb_text][\/et_pb_column][\/et_pb_row][et_pb_row column_structure=\u00a0\u00bb2_5,3_5&Prime; use_custom_gutter=\u00a0\u00bbon\u00a0\u00bb gutter_width=\u00a0\u00bb1&Prime; _builder_version=\u00a0\u00bb4.10.5&Prime; _module_preset=\u00a0\u00bbdefault\u00a0\u00bb background_enable_image=\u00a0\u00bboff\u00a0\u00bb custom_padding=\u00a0\u00bb58px|||||\u00a0\u00bb hover_enabled=\u00a0\u00bb0&Prime; global_colors_info=\u00a0\u00bb{}\u00a0\u00bb sticky_enabled=\u00a0\u00bb0&Prime;][et_pb_column type=\u00a0\u00bb2_5&Prime; _builder_version=\u00a0\u00bb4.10.5&Prime; _module_preset=\u00a0\u00bbdefault\u00a0\u00bb global_colors_info=\u00a0\u00bb{}\u00a0\u00bb][et_pb_text _builder_version=\u00a0\u00bb4.10.5&Prime; _module_preset=\u00a0\u00bbdefault\u00a0\u00bb text_text_color=\u00a0\u00bb#513e7d\u00a0\u00bb background_color=\u00a0\u00bb#ebe7f2&Prime; width=\u00a0\u00bb26%\u00a0\u00bb min_height=\u00a0\u00bb19.8px\u00a0\u00bb custom_margin=\u00a0\u00bb80px||||false|false\u00a0\u00bb hover_enabled=\u00a0\u00bb0&Prime; border_radii=\u00a0\u00bbon|13px|13px|13px|13px\u00a0\u00bb global_colors_info=\u00a0\u00bb{}\u00a0\u00bb sticky_enabled=\u00a0\u00bb0&Prime;]<\/p>\n<p style=\"text-align: center;\"><strong>Contact<\/strong><\/p>\n<p>[\/et_pb_text][et_pb_text _builder_version=\u00a0\u00bb4.10.5&Prime; _module_preset=\u00a0\u00bbdefault\u00a0\u00bb custom_padding=\u00a0\u00bb20px||86px|||\u00a0\u00bb global_colors_info=\u00a0\u00bb{}\u00a0\u00bb]<img loading=\"lazy\" decoding=\"async\" src=\"https:\/\/mastercommunicationnumerique.fr\/2021-2022\/groupe3\/wp-content\/uploads\/2022\/03\/localisation.png\" width=\"25\" height=\"35\" alt=\"\" class=\"wp-image-29223 alignnone size-full\">&nbsp; &nbsp;15 rue Mau Va, 64400 Orin<br \/>\n<img loading=\"lazy\" decoding=\"async\" src=\"https:\/\/mastercommunicationnumerique.fr\/2021-2022\/groupe3\/wp-content\/uploads\/2022\/03\/mail.png\" width=\"26\" height=\"19\" alt=\"\" class=\"wp-image-29224 alignnone size-full\">&nbsp; &nbsp;lauriev64@hotmail.fr<br \/>\n<img loading=\"lazy\" decoding=\"async\" src=\"https:\/\/mastercommunicationnumerique.fr\/2021-2022\/groupe3\/wp-content\/uploads\/2022\/03\/tel.png\" width=\"23\" height=\"23\" alt=\"\" class=\"wp-image-29225 alignnone size-full\" srcset=\"https:\/\/mastercommunicationnumerique.fr\/2021-2022\/groupe3\/wp-content\/uploads\/2022\/03\/tel.png 156w, https:\/\/mastercommunicationnumerique.fr\/2021-2022\/groupe3\/wp-content\/uploads\/2022\/03\/tel-150x150.png 150w\" sizes=\"auto, (max-width: 23px) 100vw, 23px\" \/>&nbsp; &nbsp; 06 40 78 73 89<br \/>\n<img loading=\"lazy\" decoding=\"async\" src=\"https:\/\/mastercommunicationnumerique.fr\/2021-2022\/groupe3\/wp-content\/uploads\/2022\/03\/permis.png\" width=\"27\" height=\"24\" alt=\"\" class=\"wp-image-29226 alignnone size-full\">&nbsp; &nbsp;Permis B[\/et_pb_text][et_pb_text _builder_version=\u00a0\u00bb4.10.5&Prime; _module_preset=\u00a0\u00bbdefault\u00a0\u00bb text_text_color=\u00a0\u00bb#513e7d\u00a0\u00bb background_color=\u00a0\u00bb#ebe7f2&Prime; width=\u00a0\u00bb26%\u00a0\u00bb border_radii=\u00a0\u00bbon|13px|13px|13px|13px\u00a0\u00bb global_colors_info=\u00a0\u00bb{}\u00a0\u00bb]<\/p>\n<p style=\"text-align: center;\"><strong>Langues<\/strong><\/p>\n<p>[\/et_pb_text][et_pb_text _builder_version=\u00a0\u00bb4.10.5&Prime; _module_preset=\u00a0\u00bbdefault\u00a0\u00bb background_enable_image=\u00a0\u00bboff\u00a0\u00bb custom_margin=\u00a0\u00bb35px|||||\u00a0\u00bb custom_padding=\u00a0\u00bb||102px||false|false\u00a0\u00bb global_colors_info=\u00a0\u00bb{}\u00a0\u00bb]Anglais&nbsp; &nbsp; &nbsp; &nbsp; &nbsp; &nbsp;<img loading=\"lazy\" decoding=\"async\" src=\"https:\/\/mastercommunicationnumerique.fr\/2021-2022\/groupe3\/wp-content\/uploads\/2022\/03\/anglais-300x16.png\" width=\"120\" height=\"7\" alt=\"\" class=\"wp-image-30470 alignnone size-medium\" srcset=\"https:\/\/mastercommunicationnumerique.fr\/2021-2022\/groupe3\/wp-content\/uploads\/2022\/03\/anglais-300x16.png 300w, https:\/\/mastercommunicationnumerique.fr\/2021-2022\/groupe3\/wp-content\/uploads\/2022\/03\/anglais.png 309w\" sizes=\"auto, (max-width: 120px) 100vw, 120px\" \/><br \/>\nEspagnol&nbsp; &nbsp; &nbsp; &nbsp; <img loading=\"lazy\" decoding=\"async\" src=\"https:\/\/mastercommunicationnumerique.fr\/2021-2022\/groupe3\/wp-content\/uploads\/2022\/03\/espagnol-300x15.png\" width=\"120\" height=\"7\" alt=\"\" class=\"wp-image-30471 alignnone size-medium\" srcset=\"https:\/\/mastercommunicationnumerique.fr\/2021-2022\/groupe3\/wp-content\/uploads\/2022\/03\/espagnol-300x15.png 300w, https:\/\/mastercommunicationnumerique.fr\/2021-2022\/groupe3\/wp-content\/uploads\/2022\/03\/espagnol.png 371w\" sizes=\"auto, (max-width: 120px) 100vw, 120px\" \/><br \/>\nPortugais&nbsp; &nbsp; &nbsp; &nbsp; <img loading=\"lazy\" decoding=\"async\" src=\"https:\/\/mastercommunicationnumerique.fr\/2021-2022\/groupe3\/wp-content\/uploads\/2022\/03\/portugais-300x16.png\" width=\"120\" height=\"7\" alt=\"\" class=\"wp-image-30491 alignnone size-medium\" srcset=\"https:\/\/mastercommunicationnumerique.fr\/2021-2022\/groupe3\/wp-content\/uploads\/2022\/03\/portugais-300x16.png 300w, https:\/\/mastercommunicationnumerique.fr\/2021-2022\/groupe3\/wp-content\/uploads\/2022\/03\/portugais.png 325w\" sizes=\"auto, (max-width: 120px) 100vw, 120px\" \/>[\/et_pb_text][et_pb_text _builder_version=\u00a0\u00bb4.10.5&Prime; _module_preset=\u00a0\u00bbdefault\u00a0\u00bb text_text_color=\u00a0\u00bb#513e7d\u00a0\u00bb background_color=\u00a0\u00bb#ebe7f2&Prime; width=\u00a0\u00bb29%\u00a0\u00bb module_alignment=\u00a0\u00bbleft\u00a0\u00bb border_radii=\u00a0\u00bbon|13px|13px|13px|13px\u00a0\u00bb global_colors_info=\u00a0\u00bb{}\u00a0\u00bb]<\/p>\n<p style=\"text-align: center;\"><strong>Comp\u00e9tences<\/strong><\/p>\n<p>[\/et_pb_text][et_pb_image src=\u00a0\u00bbhttps:\/\/mastercommunicationnumerique.fr\/2021-2022\/groupe3\/wp-content\/uploads\/2022\/03\/logos-1.png\u00a0\u00bb title_text=\u00a0\u00bblogos\u00a0\u00bb _builder_version=\u00a0\u00bb4.10.5&Prime; _module_preset=\u00a0\u00bbdefault\u00a0\u00bb width=\u00a0\u00bb42%\u00a0\u00bb custom_margin=\u00a0\u00bb39px||||false|false\u00a0\u00bb custom_padding=\u00a0\u00bb||100px|||\u00a0\u00bb global_colors_info=\u00a0\u00bb{}\u00a0\u00bb][\/et_pb_image][et_pb_text _builder_version=\u00a0\u00bb4.10.5&Prime; _module_preset=\u00a0\u00bbdefault\u00a0\u00bb text_text_color=\u00a0\u00bb#513e7d\u00a0\u00bb background_color=\u00a0\u00bb#ebe7f2&Prime; width=\u00a0\u00bb37%\u00a0\u00bb custom_padding=\u00a0\u00bb0px||0px|0px|false|false\u00a0\u00bb border_radii=\u00a0\u00bbon|13px|13px|13px|13px\u00a0\u00bb global_colors_info=\u00a0\u00bb{}\u00a0\u00bb]<\/p>\n<p style=\"text-align: center;\"><strong>Centres d&rsquo;int\u00e9r\u00eats<\/strong><\/p>\n<p>[\/et_pb_text][et_pb_image src=\u00a0\u00bbhttps:\/\/mastercommunicationnumerique.fr\/2021-2022\/groupe3\/wp-content\/uploads\/2022\/03\/hobbies.png\u00a0\u00bb title_text=\u00a0\u00bbhobbies\u00a0\u00bb _builder_version=\u00a0\u00bb4.10.5&Prime; _module_preset=\u00a0\u00bbdefault\u00a0\u00bb width=\u00a0\u00bb41%\u00a0\u00bb custom_margin=\u00a0\u00bb30px||||false|false\u00a0\u00bb custom_padding=\u00a0\u00bb||11px|||\u00a0\u00bb global_colors_info=\u00a0\u00bb{}\u00a0\u00bb][\/et_pb_image][\/et_pb_column][et_pb_column type=\u00a0\u00bb3_5&Prime; _builder_version=\u00a0\u00bb4.10.5&Prime; _module_preset=\u00a0\u00bbdefault\u00a0\u00bb global_colors_info=\u00a0\u00bb{}\u00a0\u00bb][et_pb_text _builder_version=\u00a0\u00bb4.10.5&Prime; _module_preset=\u00a0\u00bbdefault\u00a0\u00bb header_3_text_color=\u00a0\u00bb#008591&Prime; custom_padding=\u00a0\u00bb||16px|||\u00a0\u00bb border_color_all=\u00a0\u00bbrgba(12,234,242,0.17)\u00a0\u00bb border_width_bottom=\u00a0\u00bb6px\u00a0\u00bb global_colors_info=\u00a0\u00bb{}\u00a0\u00bb]<\/p>\n<h3><span style=\"color: #2c687b;\"><strong>Exp\u00e9riences<\/strong><\/span><\/h3>\n<p>[\/et_pb_text][et_pb_text _builder_version=\u00a0\u00bb4.10.5&Prime; _module_preset=\u00a0\u00bbdefault\u00a0\u00bb header_3_text_color=\u00a0\u00bb#9ed4d1&Prime; header_3_font_size=\u00a0\u00bb17px\u00a0\u00bb width=\u00a0\u00bb100%\u00a0\u00bb custom_margin=\u00a0\u00bb-1px||||false|false\u00a0\u00bb custom_padding=\u00a0\u00bb29px||37px|0px||\u00a0\u00bb global_colors_info=\u00a0\u00bb{}\u00a0\u00bb]<\/p>\n<h3><strong>\u2022 Alternante en tant que Chef de Projet Junior&nbsp;<\/strong><br \/>\n<span style=\"font-size: 14px; color: #666666;\"><\/span><\/h3>\n<h3><span style=\"font-size: 14px; color: #666666;\">Gestion et coordination des projets clients Bleu Vif &#8211; Anglet (64) \/ 12 mois &#8211; 2021\/2022<\/span><\/h3>\n<p><span style=\"font-size: 14px; color: #666666;\"><\/span><\/p>\n<h3><strong>\u2022 Projet associatif &#8211; Refonte de site web&nbsp; &nbsp; &nbsp;<\/strong><\/h3>\n<p>Analyse et pr\u00e9conisations pour am\u00e9lioration<br \/>\nUne lettre d&rsquo;espoir &#8211; Toulouse (31) \/ 4mois &#8211; 2020<\/p>\n<h3><strong>\u2022 Consultante en communication<\/strong><\/h3>\n<p>Aide pour strat\u00e9gie de communication (gestion r\u00e9seaux sociaux, communiqu\u00e9 de presse, cagnotte en ligne..<br \/>\nAssociation R\u00eaves &#8211; Toulouse (31) \/ 4 mois &#8211; 2020<\/p>\n<h3><strong>\u2022 Stagiaire en tant que r\u00e9ceptionniste<\/strong><\/h3>\n<p><strong><\/strong>H\u00f4tel Mahekal Beach Resort &#8211; Playa Del Carmen, Mexique \/ 3 mois &#8211; 2019<\/p>\n<h3><strong>\u2022 Mission int\u00e9rim<\/strong><\/h3>\n<p>Aide \u00e0 l&rsquo;organisation et communication d&rsquo;un \u00e9v\u00e8nement<br \/>\nTendance Sud &#8211; Lucq de B\u00e9arn \/ 1 mois &#8211; 2019<\/p>\n<h3><strong>\u2022 H\u00f4tesse<\/strong><\/h3>\n<p><strong><\/strong><strong><\/strong>Z\u00e9nith de Pau \/ 1 mois &#8211; 2019<\/p>\n<h3><strong>\u2022 Caissi\u00e8re \/ Mise en rayons \/ Drive (job saisonnier)<\/strong><\/h3>\n<p><strong><\/strong>Leclerc &#8211; Oloron Sainte Marie (64) \/ 2018 &#8211; 2019 &#8211; 2021<\/p>\n<h3><strong>\u2022 Membre b\u00e9n\u00e9vole &#8211; pr\u00e9sidente<\/strong><\/h3>\n<p><strong><\/strong>Comit\u00e9 des f\u00eates du village d\u2019Orin \/ 2015 &#8211; pr\u00e9sent[\/et_pb_text][et_pb_text _builder_version=\u00a0\u00bb4.10.5&Prime; _module_preset=\u00a0\u00bbdefault\u00a0\u00bb custom_padding=\u00a0\u00bb||16px|||\u00a0\u00bb border_width_bottom=\u00a0\u00bb6px\u00a0\u00bb border_color_bottom=\u00a0\u00bbrgba(121,229,229,0.5)\u00a0\u00bb global_colors_info=\u00a0\u00bb{}\u00a0\u00bb]<\/p>\n<h3><span style=\"color: #2c687b;\"><strong>Formations<\/strong><\/span><\/h3>\n<p>[\/et_pb_text][et_pb_text _builder_version=\u00a0\u00bb4.10.5&Prime; _module_preset=\u00a0\u00bbdefault\u00a0\u00bb header_text_color=\u00a0\u00bb#ea806b\u00a0\u00bb header_3_font=\u00a0\u00bb|700|||||||\u00a0\u00bb header_3_text_color=\u00a0\u00bb#e02b20&Prime; header_3_font_size=\u00a0\u00bb15px\u00a0\u00bb custom_margin=\u00a0\u00bb0px||||false|false\u00a0\u00bb custom_padding=\u00a0\u00bb34px|||||\u00a0\u00bb global_colors_info=\u00a0\u00bb{}\u00a0\u00bb]<\/p>\n<h3><span style=\"color: #ea806b;\">\u2022 Master 2 Information &#8211; Communication Sp\u00e9cialit\u00e9 Communication et culture num\u00e9rique<\/span><\/h3>\n<p>Universit\u00e9 Paul Sabatier &#8211; Toulouse (31) \/ 2021 &#8211; 2022<\/p>\n<h3><span style=\"color: #ea806b;\">\u2022 Master 1 Information Communication<\/span><\/h3>\n<p>Universit\u00e9 Capitole &#8211; Toulouse (31) \/ 2020 &#8211; 2021<\/p>\n<h3><span style=\"color: #ea806b;\">\u2022 Licence Langues Etrang\u00e8res Appliqu\u00e9es (Anglais\/Espagnol) Langue de sp\u00e9cialit\u00e9 (Portugais)<\/span><\/h3>\n<p>Universit\u00e9 de Pau et des Pays de l\u2019Adour &#8211; Pau (64) \/ 2017 &#8211; 2020<\/p>\n<h3><span style=\"color: #ea806b;\">\u2022 Baccalaur\u00e9at G\u00e9n\u00e9ral ES<\/span><\/h3>\n<p>Lyc\u00e9e Jules Supervielle &#8211; Oloron Ste Marie (64) \/ 2017[\/et_pb_text][\/et_pb_column][\/et_pb_row][et_pb_row _builder_version=\u00a0\u00bb4.10.5&Prime; _module_preset=\u00a0\u00bbdefault\u00a0\u00bb global_colors_info=\u00a0\u00bb{}\u00a0\u00bb][et_pb_column type=\u00a0\u00bb4_4&Prime; _builder_version=\u00a0\u00bb4.10.5&Prime; _module_preset=\u00a0\u00bbdefault\u00a0\u00bb global_colors_info=\u00a0\u00bb{}\u00a0\u00bb][\/et_pb_column][\/et_pb_row][\/et_pb_section]<\/p>\n","protected":false},"excerpt":{"rendered":"<p>&nbsp; &nbsp; &nbsp; &nbsp; &nbsp; &nbsp; &nbsp; &nbsp; &nbsp; &nbsp; &nbsp; &nbsp; &nbsp; &nbsp; &nbsp; &nbsp; &nbsp; &nbsp;&nbsp;Laurie VIGNEAUContact&nbsp; &nbsp;15 rue Mau Va, 64400 Orin &nbsp; &nbsp;lauriev64@hotmail.fr &nbsp; &nbsp; 06 40 78 73 89 &nbsp; &nbsp;Permis BLanguesAnglais&nbsp; &nbsp; &nbsp; &nbsp; &nbsp; &nbsp; Espagnol&nbsp; &nbsp; &nbsp; &nbsp; Portugais&nbsp; &nbsp; &nbsp; &nbsp; Comp\u00e9tencesCentres d&rsquo;int\u00e9r\u00eatsExp\u00e9riences\u2022 Alternante en tant [&hellip;]<\/p>\n","protected":false},"author":4,"featured_media":0,"parent":0,"menu_order":0,"comment_status":"closed","ping_status":"closed","template":"","meta":{"_et_pb_use_builder":"on","_et_pb_old_content":"","_et_gb_content_width":"","footnotes":""},"class_list":["post-28842","page","type-page","status-publish","hentry"],"_links":{"self":[{"href":"https:\/\/mastercommunicationnumerique.fr\/2021-2022\/groupe3\/wp-json\/wp\/v2\/pages\/28842","targetHints":{"allow":["GET"]}}],"collection":[{"href":"https:\/\/mastercommunicationnumerique.fr\/2021-2022\/groupe3\/wp-json\/wp\/v2\/pages"}],"about":[{"href":"https:\/\/mastercommunicationnumerique.fr\/2021-2022\/groupe3\/wp-json\/wp\/v2\/types\/page"}],"author":[{"embeddable":true,"href":"https:\/\/mastercommunicationnumerique.fr\/2021-2022\/groupe3\/wp-json\/wp\/v2\/users\/4"}],"replies":[{"embeddable":true,"href":"https:\/\/mastercommunicationnumerique.fr\/2021-2022\/groupe3\/wp-json\/wp\/v2\/comments?post=28842"}],"version-history":[{"count":37,"href":"https:\/\/mastercommunicationnumerique.fr\/2021-2022\/groupe3\/wp-json\/wp\/v2\/pages\/28842\/revisions"}],"predecessor-version":[{"id":30513,"href":"https:\/\/mastercommunicationnumerique.fr\/2021-2022\/groupe3\/wp-json\/wp\/v2\/pages\/28842\/revisions\/30513"}],"wp:attachment":[{"href":"https:\/\/mastercommunicationnumerique.fr\/2021-2022\/groupe3\/wp-json\/wp\/v2\/media?parent=28842"}],"curies":[{"name":"wp","href":"https:\/\/api.w.org\/{rel}","templated":true}]}}